{"id":5707,"date":"2015-02-19T09:48:19","date_gmt":"2015-02-19T09:48:19","guid":{"rendered":"http:\/\/demo2.wpresidence.net\/?page_id=5707"},"modified":"2025-02-23T20:00:50","modified_gmt":"2025-02-23T20:00:50","slug":"contact","status":"publish","type":"page","link":"https:\/\/cledequartier.fr\/?page_id=5707","title":{"rendered":"Contact"},"content":{"rendered":"\t\t<div data-elementor-type=\"wp-page\" data-elementor-id=\"5707\" class=\"elementor elementor-5707\">\n\t\t\t\t<div class=\"elementor-element elementor-element-69f944d3 e-flex e-con-boxed e-con e-parent\" data-id=\"69f944d3\" data-element_type=\"container\">\n\t\t\t\t\t<div class=\"e-con-inner\">\n\t\t\t\t<div class=\"elementor-element elementor-element-559d24c8 elementor-widget elementor-widget-text-editor\" data-id=\"559d24c8\" data-element_type=\"widget\" data-widget_type=\"text-editor.default\">\n\t\t\t\t<div class=\"elementor-widget-container\">\n\t\t\t\t\t\t\t\t\t<p>Nous sommes impatients de discuter de votre projet immobilier avec vous. Pour mieux vous accompagner, pourriez-vous nous pr\u00e9ciser la ville concern\u00e9e, ainsi que la date \u00e0 laquelle vous souhaitez concr\u00e9tiser ce projet\u00a0? Que votre initiative soit imm\u00e9diate, \u00e0 court terme ou \u00e0 moyen terme, ces informations nous aideront \u00e0 vous proposer des solutions adapt\u00e9es \u00e0 vos besoins et \u00e0 votre calendrier.<\/p>\t\t\t\t\t\t\t\t<\/div>\n\t\t\t\t<\/div>\n\t\t\t\t\t<\/div>\n\t\t\t\t<\/div>\n\t\t\t\t<\/div>\n\t\t","protected":false},"excerpt":{"rendered":"<p>Nous sommes impatients de discuter de votre projet immobilier avec vous. Pour mieux vous accompagner, pourriez-vous nous pr\u00e9ciser la ville concern\u00e9e, ainsi que la date \u00e0 laquelle vous souhaitez concr\u00e9tiser ce projet\u00a0? Que votre initiative soit imm\u00e9diate, \u00e0 court terme ou \u00e0 moyen terme, ces informations nous aideront \u00e0 vous proposer des solutions adapt\u00e9es \u00e0 vos besoins et \u00e0 votre calendrier.<\/p>\n","protected":false},"author":1,"featured_media":0,"parent":0,"menu_order":0,"comment_status":"open","ping_status":"open","template":"page-templates\/contact_page.php","meta":{"inline_featured_image":false,"footnotes":""},"class_list":["post-5707","page","type-page","status-publish","hentry"],"aioseo_notices":[],"_links":{"self":[{"href":"https:\/\/cledequartier.fr\/index.php?rest_route=\/wp\/v2\/pages\/5707","targetHints":{"allow":["GET"]}}],"collection":[{"href":"https:\/\/cledequartier.fr\/index.php?rest_route=\/wp\/v2\/pages"}],"about":[{"href":"https:\/\/cledequartier.fr\/index.php?rest_route=\/wp\/v2\/types\/page"}],"author":[{"embeddable":true,"href":"https:\/\/cledequartier.fr\/index.php?rest_route=\/wp\/v2\/users\/1"}],"replies":[{"embeddable":true,"href":"https:\/\/cledequartier.fr\/index.php?rest_route=%2Fwp%2Fv2%2Fcomments&post=5707"}],"version-history":[{"count":4,"href":"https:\/\/cledequartier.fr\/index.php?rest_route=\/wp\/v2\/pages\/5707\/revisions"}],"predecessor-version":[{"id":27958,"href":"https:\/\/cledequartier.fr\/index.php?rest_route=\/wp\/v2\/pages\/5707\/revisions\/27958"}],"wp:attachment":[{"href":"https:\/\/cledequartier.fr\/index.php?rest_route=%2Fwp%2Fv2%2Fmedia&parent=5707"}],"curies":[{"name":"wp","href":"https:\/\/api.w.org\/{rel}","templated":true}]}}